{"id":11436,"date":"2024-09-24T12:16:40","date_gmt":"2024-09-24T18:16:40","guid":{"rendered":"http:\/\/192.168.6.132\/segeplan\/?page_id=11436"},"modified":"2024-12-02T09:47:42","modified_gmt":"2024-12-02T15:47:42","slug":"indicadores","status":"publish","type":"page","link":"https:\/\/Informaciondepartamental.segeplan.gob.gt\/segeplan\/?page_id=11436","title":{"rendered":"Indicadores"},"content":{"rendered":"<p><div class=\"fusion-fullwidth fullwidth-box fusion-builder-row-1 fusion-flex-container nonhundred-percent-fullwidth non-hundred-percent-height-scrolling\" style=\"background-color: #ffffff;background-position: center center;background-repeat: no-repeat;border-width: 0px 0px 0px 0px;border-color:#eae9e9;border-style:solid;\" ><div class=\"fusion-builder-row fusion-row fusion-flex-align-items-flex-start\" style=\"max-width:1996.8px;margin-left: calc(-4% \/ 2 );margin-right: calc(-4% \/ 2 );\"><\/div><style type=\"text\/css\">.fusion-body .fusion-flex-container.fusion-builder-row-1{ padding-top : 0px;margin-top : 0px;padding-right : 0px;padding-bottom : 0px;margin-bottom : 0px;padding-left : 0px;}<\/style><\/div><div class=\"fusion-fullwidth fullwidth-box fusion-builder-row-2 fusion-flex-container nonhundred-percent-fullwidth non-hundred-percent-height-scrolling\" style=\"background-color: #ffffff;background-position: center center;background-repeat: no-repeat;border-width: 0px 0px 0px 0px;border-color:#eae9e9;border-style:solid;\" ><div class=\"fusion-builder-row fusion-row fusion-flex-align-items-flex-start\" style=\"max-width:1996.8px;margin-left: calc(-4% \/ 2 );margin-right: calc(-4% \/ 2 );\"><\/div><style type=\"text\/css\">.fusion-body .fusion-flex-container.fusion-builder-row-2{ padding-top : 0px;margin-top : 0px;padding-right : 0px;padding-bottom : 0px;margin-bottom : 0px;padding-left : 0px;}<\/style><\/div><div class=\"fusion-fullwidth fullwidth-box fusion-builder-row-3 fusion-flex-container nonhundred-percent-fullwidth non-hundred-percent-height-scrolling\" style=\"background-color: #ffffff;background-position: center center;background-repeat: no-repeat;border-width: 0px 0px 0px 0px;border-color:#eae9e9;border-style:solid;\" ><div class=\"fusion-builder-row fusion-row fusion-flex-align-items-flex-start\" style=\"max-width:1996.8px;margin-left: calc(-4% \/ 2 );margin-right: calc(-4% \/ 2 );\"><div class=\"fusion-layout-column fusion_builder_column fusion-builder-column-0 fusion_builder_column_1_1 1_1 fusion-flex-column\"><div class=\"fusion-column-wrapper fusion-flex-justify-content-flex-start fusion-content-layout-column\" style=\"background-position:left top;background-repeat:no-repeat;-webkit-background-size:cover;-moz-background-size:cover;-o-background-size:cover;background-size:cover;padding: 0px 0px 0px 0px;\"><div style=\"text-align: center;\">\n    <!-- Cambiar 'center' por 'left' o 'right' para otra alineaci\u00f3n -->\n    <iframe src=\"https:\/\/app.powerbi.com\/view?r=eyJrIjoiZGQ1YWJhYWUtYmFkYS00NjAzLTlhZmQtZGIxNDc5MTdlNDdhIiwidCI6IjU0NjU5YTgxLTk4ODEtNDAzMC04YWY2LWY2MTUxMmE4YmNkOCJ9\"\n            style=\"width: 100%; max-width: 1750px; height: 1100px; border: none;\">\n    <\/iframe>\n<\/div>\n\n<style>\n    \/* Ajuste de altura del iframe para pantallas medianas *\/\n    @media (max-width: 1200px) {\n        iframe {\n            height: 900px;\n        }\n    }\n\n    \/* Ajuste de altura del iframe para pantallas de tablets *\/\n    @media (max-width: 768px) {\n        iframe {\n            height: 700px;\n        }\n    }\n\n    \/* Ajuste de altura del iframe para dispositivos m\u00f3viles *\/\n    @media (max-width: 480px) {\n        iframe {\n            height: 500px;\n        }\n    }\n<\/style>\n<\/div><style type=\"text\/css\">.fusion-body .fusion-builder-column-0{width:100% !important;margin-top : 0px;margin-bottom : 20px;}.fusion-builder-column-0 > .fusion-column-wrapper {padding-top : 0px !important;padding-right : 0px !important;margin-right : 1.92%;padding-bottom : 0px !important;padding-left : 0px !important;margin-left : 1.92%;}@media only screen and (max-width:1024px) {.fusion-body .fusion-builder-column-0{width:100% !important;order : 0;}.fusion-builder-column-0 > .fusion-column-wrapper {margin-right : 1.92%;margin-left : 1.92%;}}@media only screen and (max-width:640px) {.fusion-body .fusion-builder-column-0{width:100% !important;order : 0;}.fusion-builder-column-0 > .fusion-column-wrapper {margin-right : 1.92%;margin-left : 1.92%;}}<\/style><\/div><\/div><style type=\"text\/css\">.fusion-body .fusion-flex-container.fusion-builder-row-3{ padding-top : 0px;margin-top : 0px;padding-right : 0px;padding-bottom : 0px;margin-bottom : 0px;padding-left : 0px;}<\/style><\/div><div class=\"fusion-fullwidth fullwidth-box fusion-builder-row-4 fusion-flex-container nonhundred-percent-fullwidth non-hundred-percent-height-scrolling\" style=\"background-color: #ffffff;background-position: center center;background-repeat: no-repeat;border-width: 0px 0px 0px 0px;border-color:#eae9e9;border-style:solid;\" ><div class=\"fusion-builder-row fusion-row fusion-flex-align-items-flex-start\" style=\"max-width:1996.8px;margin-left: calc(-4% \/ 2 );margin-right: calc(-4% \/ 2 );\"><div class=\"fusion-layout-column fusion_builder_column fusion-builder-column-1 fusion_builder_column_1_2 1_2 fusion-flex-column fusion-flex-align-self-flex-start\"><div class=\"fusion-column-wrapper fusion-flex-justify-content-flex-start fusion-content-layout-column\" style=\"background-position:left top;background-repeat:no-repeat;-webkit-background-size:cover;-moz-background-size:cover;-o-background-size:cover;background-size:cover;padding: 0px 0px 0px 80px;\"><!DOCTYPE html>\n<html lang=\"es\">\n<head>\n    <meta charset=\"UTF-8\">\n    <meta name=\"viewport\" content=\"width=device-width, initial-scale=1.0\">\n    <title>Texto alineado<\/title>\n    <style>\n        body {\n            color: #000080; \/* Azul marino *\/\n            font-family: Arial, sans-serif;\n        }\n        p {\n            text-align: justify; \/* Justificar el texto *\/\n        }\n    <\/style>\n<\/head>\n<body>\n    <p>\n        El Plan K\u2019atun Nuestra Guatemala 2032 se centra en cinco ejes fundamentales:1.Guatemala urbana y rural,\n2.Bienestar para la gente,\n3.Riquezas para todos y para todas,\n4.Recursos naturales para hoy y para el futuro,\n5.Estado garante de los derechos humanos y conductor del desarrollo. Cada uno de estos ejes tiene metas concretas que se miden mediante indicadores clave. Estos indicadores son utilizados por instituciones gubernamentales para monitorear avances, identificar \u00e1reas de mejora y ajustar las pol\u00edticas p\u00fablicas conforme a los resultados.\n    <\/p>\n    <p>\n        Los indicadores institucionales son herramientas fundamentales para medir el progreso y desempe\u00f1o de las pol\u00edticas p\u00fablicas, proyectos y estrategias de desarrollo a nivel departamental. En el contexto de Guatemala, estos indicadores permiten evaluar el cumplimiento de los objetivos planteados en el Plan Nacional de Desarrollo: K\u2019atun Nuestra Guatemala 2032, un marco estrat\u00e9gico que gu\u00eda las acciones del pa\u00eds hacia el desarrollo sostenible y equitativo.\n    <\/p>\n    <p>\n        Esta secci\u00f3n presenta tableros de indicadores que facilitan la visualizaci\u00f3n de los datos obtenidos y producidos por instituciones, proporcionando la informaci\u00f3n accesible y comprensible.\n        Cualquier duda o consulta en los datos puede dirigirse a las fuentes oficiales para verificaci\u00f3n y consolidaci\u00f3n de la informaci\u00f3n.\n    <\/p>\n<\/body>\n<\/html>\n<\/div><style type=\"text\/css\">.fusion-body .fusion-builder-column-1{width:50% !important;margin-top : 0px;margin-bottom : 0px;}.fusion-builder-column-1 > .fusion-column-wrapper {padding-top : 0px !important;padding-right : 0px !important;margin-right : 0%;padding-bottom : 0px !important;padding-left : 80px !important;margin-left : 3.84%;}@media only screen and (max-width:1024px) {.fusion-body .fusion-builder-column-1{width:50% !important;order : 0;}.fusion-builder-column-1 > .fusion-column-wrapper {margin-right : 0%;margin-left : 3.84%;}}@media only screen and (max-width:640px) {.fusion-body .fusion-builder-column-1{width:100% !important;order : 0;}.fusion-builder-column-1 > .fusion-column-wrapper {margin-right : 1.92%;margin-left : 1.92%;}}<\/style><\/div><div class=\"fusion-layout-column fusion_builder_column fusion-builder-column-2 fusion_builder_column_2_5 2_5 fusion-flex-column\"><div class=\"fusion-column-wrapper fusion-flex-justify-content-flex-start fusion-content-layout-column\" style=\"background-position:left top;background-repeat:no-repeat;-webkit-background-size:cover;-moz-background-size:cover;-o-background-size:cover;background-size:cover;padding: 0px 0px 36px 146px;\"><div style=\"text-align:center;\"><span class=\" fusion-imageframe imageframe-none imageframe-1 hover-type-none\" style=\"margin-left:50px;\"><img decoding=\"async\" width=\"600\" height=\"539\" title=\"K\u00b4atun\" src=\"https:\/\/Informaciondepartamental.segeplan.gob.gt\/segeplan\/wp-content\/uploads\/2024\/10\/K\u00b4atun-600x539.png\" class=\"img-responsive wp-image-11828\" srcset=\"https:\/\/Informaciondepartamental.segeplan.gob.gt\/segeplan\/wp-content\/uploads\/2024\/10\/K\u00b4atun-200x180.png 200w, https:\/\/Informaciondepartamental.segeplan.gob.gt\/segeplan\/wp-content\/uploads\/2024\/10\/K\u00b4atun-400x360.png 400w, https:\/\/Informaciondepartamental.segeplan.gob.gt\/segeplan\/wp-content\/uploads\/2024\/10\/K\u00b4atun-600x539.png 600w, https:\/\/Informaciondepartamental.segeplan.gob.gt\/segeplan\/wp-content\/uploads\/2024\/10\/K\u00b4atun.png 793w\" sizes=\"(max-width: 640px) 100vw, 600px\" \/><\/span><\/div><\/div><style type=\"text\/css\">.fusion-body .fusion-builder-column-2{width:40% !important;margin-top : 0px;margin-bottom : 126px;}.fusion-builder-column-2 > .fusion-column-wrapper {padding-top : 0px !important;padding-right : 0px !important;margin-right : 4.8%;padding-bottom : 36px !important;padding-left : 146px !important;margin-left : 5.04%;}@media only screen and (max-width:1024px) {.fusion-body .fusion-builder-column-2{width:40% !important;order : 0;}.fusion-builder-column-2 > .fusion-column-wrapper {margin-right : 4.8%;margin-left : 5.04%;}}@media only screen and (max-width:640px) {.fusion-body .fusion-builder-column-2{width:100% !important;order : 0;}.fusion-builder-column-2 > .fusion-column-wrapper {margin-right : 1.92%;margin-left : 1.92%;}}<\/style><\/div><\/div><style type=\"text\/css\">.fusion-body .fusion-flex-container.fusion-builder-row-4{ padding-top : 0px;margin-top : 0px;padding-right : 0px;padding-bottom : 0px;margin-bottom : 0px;padding-left : 21px;}<\/style><\/div><\/p>\n","protected":false},"excerpt":{"rendered":"","protected":false},"author":7,"featured_media":0,"parent":0,"menu_order":0,"comment_status":"closed","ping_status":"closed","template":"","meta":{"footnotes":""},"class_list":["post-11436","page","type-page","status-publish","hentry"],"_links":{"self":[{"href":"https:\/\/Informaciondepartamental.segeplan.gob.gt\/segeplan\/index.php?rest_route=\/wp\/v2\/pages\/11436","targetHints":{"allow":["GET"]}}],"collection":[{"href":"https:\/\/Informaciondepartamental.segeplan.gob.gt\/segeplan\/index.php?rest_route=\/wp\/v2\/pages"}],"about":[{"href":"https:\/\/Informaciondepartamental.segeplan.gob.gt\/segeplan\/index.php?rest_route=\/wp\/v2\/types\/page"}],"author":[{"embeddable":true,"href":"https:\/\/Informaciondepartamental.segeplan.gob.gt\/segeplan\/index.php?rest_route=\/wp\/v2\/users\/7"}],"replies":[{"embeddable":true,"href":"https:\/\/Informaciondepartamental.segeplan.gob.gt\/segeplan\/index.php?rest_route=%2Fwp%2Fv2%2Fcomments&post=11436"}],"version-history":[{"count":101,"href":"https:\/\/Informaciondepartamental.segeplan.gob.gt\/segeplan\/index.php?rest_route=\/wp\/v2\/pages\/11436\/revisions"}],"predecessor-version":[{"id":12049,"href":"https:\/\/Informaciondepartamental.segeplan.gob.gt\/segeplan\/index.php?rest_route=\/wp\/v2\/pages\/11436\/revisions\/12049"}],"wp:attachment":[{"href":"https:\/\/Informaciondepartamental.segeplan.gob.gt\/segeplan\/index.php?rest_route=%2Fwp%2Fv2%2Fmedia&parent=11436"}],"curies":[{"name":"wp","href":"https:\/\/api.w.org\/{rel}","templated":true}]}}